{"id":5817,"date":"2025-05-15T07:42:55","date_gmt":"2025-05-15T07:42:55","guid":{"rendered":"https:\/\/educatce.cl\/radio\/?page_id=5817"},"modified":"2025-05-15T07:53:44","modified_gmt":"2025-05-15T07:53:44","slug":"nosotros","status":"publish","type":"page","link":"https:\/\/educatce.cl\/radio\/nosotros\/","title":{"rendered":"Nosotros"},"content":{"rendered":"\t\t<div data-elementor-type=\"wp-page\" data-elementor-id=\"5817\" class=\"elementor elementor-5817\">\n\t\t\t\t<div class=\"elementor-element elementor-element-b75eeae e-grid e-con-boxed e-con e-parent\" data-id=\"b75eeae\" data-element_type=\"container\">\n\t\t\t\t\t<div class=\"e-con-inner\">\n\t\t\t\t<div class=\"elementor-element elementor-element-a2aa2d7 elementor-widget elementor-widget-text-editor\" data-id=\"a2aa2d7\" data-element_type=\"widget\" data-widget_type=\"text-editor.default\">\n\t\t\t\t<div class=\"elementor-widget-container\">\n\t\t\t\t\t\t\t\t\t<h2 style=\"text-align: center;\">Sobre nosotros<\/h2>\n\t\t\t\t\t\t\t\t<\/div>\n\t\t\t\t<\/div>\n\t\t\t\t\t<\/div>\n\t\t\t\t<\/div>\n\t\t<div class=\"elementor-element elementor-element-973e716 e-con-full e-flex e-con e-parent\" data-id=\"973e716\" data-element_type=\"container\">\n\t\t\t\t<div class=\"elementor-element elementor-element-a97525c elementor-widget__width-initial elementor-widget elementor-widget-text-editor\" data-id=\"a97525c\" data-element_type=\"widget\" data-widget_type=\"text-editor.default\">\n\t\t\t\t<div class=\"elementor-widget-container\">\n\t\t\t\t\t\t\t\t\t<p class=\"\" data-start=\"52\" data-end=\"456\">Radio CATCE es un proyecto educativo desarrollado por el Colegio Adventista Talcahuano Centro (CATCE), con el objetivo de brindar un espacio de comunicaci\u00f3n, expresi\u00f3n y aprendizaje para toda la comunidad escolar. Este proyecto nace con la intenci\u00f3n de integrar los principios y valores adventistas en una plataforma din\u00e1mica que fomente la participaci\u00f3n activa de los estudiantes, docentes y apoderados.<\/p>\n<p class=\"\" data-start=\"458\" data-end=\"502\">Entre sus principales objetivos se destacan:<\/p>\n<ul data-start=\"504\" data-end=\"1268\">\n<li class=\"\" data-start=\"504\" data-end=\"657\">\n<p class=\"\" data-start=\"506\" data-end=\"657\"><strong data-start=\"506\" data-end=\"543\">Fomentar la comunicaci\u00f3n efectiva<\/strong> dentro de la comunidad educativa, promoviendo contenidos que refuercen los valores cristianos y el respeto mutuo.<\/p>\n<\/li>\n<li class=\"\" data-start=\"658\" data-end=\"859\">\n<p class=\"\" data-start=\"660\" data-end=\"859\"><strong data-start=\"660\" data-end=\"701\">Desarrollar habilidades comunicativas<\/strong> en los estudiantes, tales como la oratoria, redacci\u00f3n, trabajo en equipo y pensamiento cr\u00edtico, mediante la planificaci\u00f3n y producci\u00f3n de programas radiales.<\/p>\n<\/li>\n<li class=\"\" data-start=\"860\" data-end=\"1094\">\n<p class=\"\" data-start=\"862\" data-end=\"1094\"><strong data-start=\"862\" data-end=\"896\">Difundir informaci\u00f3n relevante<\/strong> relacionada con actividades escolares, noticias institucionales, efem\u00e9rides, reflexiones espirituales y mensajes motivacionales que fortalezcan el sentido de pertenencia e identidad con el colegio.<\/p>\n<\/li>\n<li class=\"\" data-start=\"1095\" data-end=\"1268\">\n<p class=\"\" data-start=\"1097\" data-end=\"1268\"><strong data-start=\"1097\" data-end=\"1143\">Crear un espacio inclusivo y participativo<\/strong>, donde los alumnos puedan expresar sus ideas, talentos e intereses en un ambiente seguro y orientado al desarrollo integral.<\/p>\n<\/li>\n<\/ul>\n<p class=\"\" data-start=\"1270\" data-end=\"1492\">Radio CATCE representa una valiosa herramienta pedag\u00f3gica, que no solo enriquece el proceso educativo, sino que tambi\u00e9n fortalece los lazos entre todos los miembros de la comunidad del Colegio Adventista Talcahuano Centro.<\/p>\n\t\t\t\t\t\t\t\t<\/div>\n\t\t\t\t<\/div>\n\t\t\t\t<\/div>\n\t\t\t\t<\/div>\n\t\t","protected":false},"excerpt":{"rendered":"<p>Sobre nosotros Radio CATCE es un proyecto educativo desarrollado por el Colegio Adventista Talcahuano Centro (CATCE), con el objetivo de brindar un espacio de comunicaci\u00f3n, expresi\u00f3n y aprendizaje para toda la comunidad escolar. Este proyecto nace con la intenci\u00f3n de integrar los principios y valores adventistas en una plataforma din\u00e1mica que fomente la participaci\u00f3n activa [&hellip;]<\/p>\n<div class=\"pvc_clear\"><\/div>\n<p id=\"pvc_stats_5817\" class=\"pvc_stats all  \" data-element-id=\"5817\" style=\"\"><i class=\"pvc-stats-icon medium\" aria-hidden=\"true\"><svg aria-hidden=\"true\" focusable=\"false\" data-prefix=\"far\" data-icon=\"chart-bar\" role=\"img\" xmlns=\"http:\/\/www.w3.org\/2000\/svg\" viewBox=\"0 0 512 512\" class=\"svg-inline--fa fa-chart-bar fa-w-16 fa-2x\"><path fill=\"currentColor\" d=\"M396.8 352h22.4c6.4 0 12.8-6.4 12.8-12.8V108.8c0-6.4-6.4-12.8-12.8-12.8h-22.4c-6.4 0-12.8 6.4-12.8 12.8v230.4c0 6.4 6.4 12.8 12.8 12.8zm-192 0h22.4c6.4 0 12.8-6.4 12.8-12.8V140.8c0-6.4-6.4-12.8-12.8-12.8h-22.4c-6.4 0-12.8 6.4-12.8 12.8v198.4c0 6.4 6.4 12.8 12.8 12.8zm96 0h22.4c6.4 0 12.8-6.4 12.8-12.8V204.8c0-6.4-6.4-12.8-12.8-12.8h-22.4c-6.4 0-12.8 6.4-12.8 12.8v134.4c0 6.4 6.4 12.8 12.8 12.8zM496 400H48V80c0-8.84-7.16-16-16-16H16C7.16 64 0 71.16 0 80v336c0 17.67 14.33 32 32 32h464c8.84 0 16-7.16 16-16v-16c0-8.84-7.16-16-16-16zm-387.2-48h22.4c6.4 0 12.8-6.4 12.8-12.8v-70.4c0-6.4-6.4-12.8-12.8-12.8h-22.4c-6.4 0-12.8 6.4-12.8 12.8v70.4c0 6.4 6.4 12.8 12.8 12.8z\" class=\"\"><\/path><\/svg><\/i> <img decoding=\"async\" width=\"16\" height=\"16\" alt=\"Loading\" src=\"https:\/\/educatce.cl\/radio\/wp-content\/plugins\/page-views-count\/ajax-loader-2x.gif\" border=0 \/><\/p>\n<div class=\"pvc_clear\"><\/div>\n","protected":false},"author":1,"featured_media":0,"parent":0,"menu_order":0,"comment_status":"closed","ping_status":"closed","template":"","meta":{"footnotes":""},"class_list":["post-5817","page","type-page","status-publish","hentry"],"_links":{"self":[{"href":"https:\/\/educatce.cl\/radio\/wp-json\/wp\/v2\/pages\/5817","targetHints":{"allow":["GET"]}}],"collection":[{"href":"https:\/\/educatce.cl\/radio\/wp-json\/wp\/v2\/pages"}],"about":[{"href":"https:\/\/educatce.cl\/radio\/wp-json\/wp\/v2\/types\/page"}],"author":[{"embeddable":true,"href":"https:\/\/educatce.cl\/radio\/wp-json\/wp\/v2\/users\/1"}],"replies":[{"embeddable":true,"href":"https:\/\/educatce.cl\/radio\/wp-json\/wp\/v2\/comments?post=5817"}],"version-history":[{"count":8,"href":"https:\/\/educatce.cl\/radio\/wp-json\/wp\/v2\/pages\/5817\/revisions"}],"predecessor-version":[{"id":5826,"href":"https:\/\/educatce.cl\/radio\/wp-json\/wp\/v2\/pages\/5817\/revisions\/5826"}],"wp:attachment":[{"href":"https:\/\/educatce.cl\/radio\/wp-json\/wp\/v2\/media?parent=5817"}],"curies":[{"name":"wp","href":"https:\/\/api.w.org\/{rel}","templated":true}]}}